{"id":7839,"date":"2025-12-08T11:40:51","date_gmt":"2025-12-08T10:40:51","guid":{"rendered":"https:\/\/www.gites-lacledeschamps.fr\/die-regalante\/"},"modified":"2025-12-09T15:10:33","modified_gmt":"2025-12-09T14:10:33","slug":"die-regalante","status":"publish","type":"page","link":"https:\/\/www.gites-lacledeschamps.fr\/de\/die-regalante\/","title":{"rendered":"Die Regalante"},"content":{"rendered":"<div id='full_slider_1'  class='avia-fullwidth-slider main_color avia-shadow   avia-builder-el-0  el_before_av_one_fifth  avia-builder-el-first   container_wrap fullsize' style=' '  ><div   data-size='no scaling'  data-lightbox_size='large'  data-animation='slide'  data-conditional_play=''  data-ids='7807'  data-video_counter='0'  data-autoplay='false'  data-bg_slider='false'  data-slide_height=''  data-handle='av_slideshow_full'  data-interval='5'  data-class=' '  data-el_id=''  data-css_id=''  data-scroll_down=''  data-control_layout='av-control-default'  data-custom_markup=''  data-perma_caption=''  data-autoplay_stopper=''  data-image_attachment=''  data-min_height='0px'  data-lazy_loading='disabled'  data-src=''  data-position='top left'  data-repeat='no-repeat'  data-attach='scroll'  data-stretch=''  class='avia-slideshow avia-slideshow-1  av-control-default av-default-height-applied avia-slideshow-no scaling av_slideshow_full   avia-slide-slider '  itemprop=\"image\" itemscope=\"itemscope\" itemtype=\"https:\/\/schema.org\/ImageObject\" ><ul class='avia-slideshow-inner ' style='padding-bottom: 22.239583333333%;' ><li  class=' av-single-slide slide-1 ' ><div data-rel='slideshow-1' class='avia-slide-wrap '   ><img decoding=\"async\" class=\"wp-image-7810 avia-img-lazy-loading-not-7810\"  src=\"https:\/\/www.gites-lacledeschamps.fr\/wp-content\/uploads\/2025\/12\/slider-regalante.jpg\" width=\"1920\" height=\"427\" title='slider-regalante' alt=''  itemprop=\"thumbnailUrl\" srcset=\"https:\/\/www.gites-lacledeschamps.fr\/wp-content\/uploads\/2025\/12\/slider-regalante.jpg 1920w, https:\/\/www.gites-lacledeschamps.fr\/wp-content\/uploads\/2025\/12\/slider-regalante-300x67.jpg 300w, https:\/\/www.gites-lacledeschamps.fr\/wp-content\/uploads\/2025\/12\/slider-regalante-1030x229.jpg 1030w, https:\/\/www.gites-lacledeschamps.fr\/wp-content\/uploads\/2025\/12\/slider-regalante-768x171.jpg 768w, https:\/\/www.gites-lacledeschamps.fr\/wp-content\/uploads\/2025\/12\/slider-regalante-1536x342.jpg 1536w, https:\/\/www.gites-lacledeschamps.fr\/wp-content\/uploads\/2025\/12\/slider-regalante-1500x334.jpg 1500w, https:\/\/www.gites-lacledeschamps.fr\/wp-content\/uploads\/2025\/12\/slider-regalante-705x157.jpg 705w\" sizes=\"(max-width: 1920px) 100vw, 1920px\" \/><\/div><\/li><\/ul><\/div><\/div><div id='after_full_slider_1'  class='main_color av_default_container_wrap container_wrap fullsize' style=' '  ><div class='container' ><div class='template-page content  av-content-full alpha units'><div class='post-entry post-entry-type-page post-entry-7839'><div class='entry-content-wrapper clearfix'>\n<div class='flex_column_table av-equal-height-column-flextable -flextable' ><div class=\"flex_column av_one_fifth  flex_column_table_cell av-equal-height-column av-align-middle av-zero-column-padding first  avia-builder-el-1  el_after_av_slideshow_full  el_before_av_three_fifth  avia-builder-el-first  \" style='border-radius:0px; '><\/div><div class='av-flex-placeholder'><\/div><div class=\"flex_column av_three_fifth  flex_column_table_cell av-equal-height-column av-align-middle   avia-builder-el-2  el_after_av_one_fifth  el_before_av_one_fifth  \" style='padding:20px; border-radius:0px; '><p><div  style='padding-bottom:10px; ' class='av-special-heading av-special-heading-h1  blockquote modern-quote modern-centered  avia-builder-el-3  el_before_av_textblock  avia-builder-el-first  '><h1 class='av-special-heading-tag '  itemprop=\"headline\"  >Die Regalante  <\/h1><div class='special-heading-border'><div class='special-heading-inner-border' ><\/div><\/div><\/div><br \/>\n<section class=\"av_textblock_section \"  itemscope=\"itemscope\" itemtype=\"https:\/\/schema.org\/CreativeWork\" ><div class='avia_textblock  '   itemprop=\"text\" ><p style=\"text-align: center;\">La R\u00e9galante ist eine <a href=\"https:\/\/www.francevelotourisme.com\/itineraire\/la-regalante\" target=\"_blank\" rel=\"noopener\">Fahrradroute<\/a>, die den Mont-Saint-Michel mit Nantes verbindet. Die Strecke ist in neun Etappen unterteilt, darunter Martign\u00e9-Ferchaud. <\/p>\n<p style=\"text-align: center;\">Mit nur wenigen H\u00f6henmetern (abgesehen von einigen Steigungen) ist die Radstrecke La R\u00e9galante f\u00fcr alle, Erwachsene und Kinder, geeignet.<\/p>\n<\/div><\/section><\/p><\/div><\/p>\n<div class='av-flex-placeholder'><\/div><div class=\"flex_column av_one_fifth  flex_column_table_cell av-equal-height-column av-align-middle av-zero-column-padding   avia-builder-el-5  el_after_av_three_fifth  el_before_av_two_fifth  \" style='border-radius:0px; '><div  class='avia-image-container  av-styling-    avia-builder-el-6  avia-builder-el-no-sibling  avia-align-center '  itemprop=\"image\" itemscope=\"itemscope\" itemtype=\"https:\/\/schema.org\/ImageObject\"  ><div class='avia-image-container-inner'><div class='avia-image-overlay-wrap'><img decoding=\"async\" class='wp-image-7829 avia-img-lazy-loading-not-7829 avia_image' src=\"https:\/\/www.gites-lacledeschamps.fr\/wp-content\/uploads\/2025\/12\/la_regalante.jpg\" alt='' title='la_regalante' height=\"200\" width=\"200\"  itemprop=\"thumbnailUrl\" srcset=\"https:\/\/www.gites-lacledeschamps.fr\/wp-content\/uploads\/2025\/12\/la_regalante.jpg 200w, https:\/\/www.gites-lacledeschamps.fr\/wp-content\/uploads\/2025\/12\/la_regalante-80x80.jpg 80w, https:\/\/www.gites-lacledeschamps.fr\/wp-content\/uploads\/2025\/12\/la_regalante-36x36.jpg 36w, https:\/\/www.gites-lacledeschamps.fr\/wp-content\/uploads\/2025\/12\/la_regalante-180x180.jpg 180w\" sizes=\"(max-width: 200px) 100vw, 200px\" \/><\/div><\/div><\/div><\/div><\/div><!--close column table wrapper. Autoclose: 1 --><div class='flex_column_table av-equal-height-column-flextable -flextable' ><div class=\"flex_column av_two_fifth  flex_column_table_cell av-equal-height-column av-align-middle av-zero-column-padding first  avia-builder-el-7  el_after_av_one_fifth  el_before_av_three_fifth  column-top-margin\" style='border-radius:0px; '><div  class='avia-image-container  av-styling-    avia-builder-el-8  avia-builder-el-no-sibling  avia-align-center '  itemprop=\"image\" itemscope=\"itemscope\" itemtype=\"https:\/\/schema.org\/ImageObject\"  ><div class='avia-image-container-inner'><div class='avia-image-overlay-wrap'><img decoding=\"async\" class='wp-image-7814 avia-img-lazy-loading-not-7814 avia_image' src=\"https:\/\/www.gites-lacledeschamps.fr\/wp-content\/uploads\/2025\/12\/regalante-panier-garni.jpg\" alt='' title='regalante-panier-garni' height=\"734\" width=\"924\"  itemprop=\"thumbnailUrl\" srcset=\"https:\/\/www.gites-lacledeschamps.fr\/wp-content\/uploads\/2025\/12\/regalante-panier-garni.jpg 924w, https:\/\/www.gites-lacledeschamps.fr\/wp-content\/uploads\/2025\/12\/regalante-panier-garni-300x238.jpg 300w, https:\/\/www.gites-lacledeschamps.fr\/wp-content\/uploads\/2025\/12\/regalante-panier-garni-768x610.jpg 768w, https:\/\/www.gites-lacledeschamps.fr\/wp-content\/uploads\/2025\/12\/regalante-panier-garni-705x560.jpg 705w\" sizes=\"(max-width: 924px) 100vw, 924px\" \/><\/div><\/div><\/div><\/div><\/p>\n<div class='av-flex-placeholder'><\/div><div class=\"flex_column av_three_fifth  flex_column_table_cell av-equal-height-column av-align-middle   avia-builder-el-9  el_after_av_two_fifth  el_before_av_section  avia-builder-el-last  column-top-margin\" style='padding:20px; border-radius:0px; '><section class=\"av_textblock_section \"  itemscope=\"itemscope\" itemtype=\"https:\/\/schema.org\/CreativeWork\" ><div class='avia_textblock  '   itemprop=\"text\" ><h2 style=\"text-align: left;\">Wir sind mit dem G\u00fctesiegel Accueil V\u00e9lo ausgezeichnet, um Ihnen einen optimalen Service zu bieten.<\/h2>\n<p style=\"text-align: left;\">Dieses Label wird von France V\u00e9lo Tourisme ausgestellt.<\/p>\n<p style=\"text-align: left;\">Auch, Freunde der Radtouristen von La R\u00e9galante oder auf Wanderschaft stellen wir Ihnen zur Verf\u00fcgung:<\/p>\n<\/div><\/section><br \/>\n<div  class='avia-icon-list-container   avia-builder-el-11  el_after_av_textblock  el_before_av_hr '><ul class='avia-icon-list avia-icon-list-left av-iconlist-small avia_animate_when_almost_visible avia-iconlist-animate'>\n<li><div  style='color:#d39c3c; font-size:14px; ' class='iconlist_icon  avia-font-entypo-fontello'><span class='iconlist-char ' aria-hidden='true' data-av_icon='\ue8d7' data-av_iconfont='entypo-fontello'><\/span><\/div><article class=\"article-icon-entry av-iconlist-empty\"  itemscope=\"itemscope\" itemtype=\"https:\/\/schema.org\/CreativeWork\" ><div class='iconlist_content_wrap'><header class=\"entry-content-header\"><div class='av_iconlist_title iconlist_title_small   '  itemprop=\"headline\"   style='font-size:14px; '>Ein sicherer Raum, um Ihre Fahrr\u00e4der unterzustellen<\/div><\/header><div class='iconlist_content  '  itemprop=\"text\"  ><\/div><\/div><footer class=\"entry-footer\"><\/footer><\/article><div class='iconlist-timeline'><\/div><\/li>\n<li><div  style='color:#d39c3c; font-size:14px; ' class='iconlist_icon  avia-font-entypo-fontello'><span class='iconlist-char ' aria-hidden='true' data-av_icon='\ue8b4' data-av_iconfont='entypo-fontello'><\/span><\/div><article class=\"article-icon-entry av-iconlist-empty\"  itemscope=\"itemscope\" itemtype=\"https:\/\/schema.org\/CreativeWork\" ><div class='iconlist_content_wrap'><header class=\"entry-content-header\"><div class='av_iconlist_title iconlist_title_small   '  itemprop=\"headline\"   style='font-size:14px; '>Zug\u00e4ngliche Steckdosen zum Aufladen von Elektrofahrr\u00e4dern<\/div><\/header><div class='iconlist_content  '  itemprop=\"text\"  ><\/div><\/div><footer class=\"entry-footer\"><\/footer><\/article><div class='iconlist-timeline'><\/div><\/li>\n<li><div  style='color:#d39c3c; font-size:14px; ' class='iconlist_icon  avia-font-entypo-fontello'><span class='iconlist-char ' aria-hidden='true' data-av_icon='\ue856' data-av_iconfont='entypo-fontello'><\/span><\/div><article class=\"article-icon-entry av-iconlist-empty\"  itemscope=\"itemscope\" itemtype=\"https:\/\/schema.org\/CreativeWork\" ><div class='iconlist_content_wrap'><header class=\"entry-content-header\"><div class='av_iconlist_title iconlist_title_small   '  itemprop=\"headline\"   style='font-size:14px; '>Zugang zur Werkstatt, um Ihr Fahrrad zu reparieren oder zu warten (Kompressor, Werkbank, Werkzeugkasten)<\/div><\/header><div class='iconlist_content  '  itemprop=\"text\"  ><\/div><\/div><footer class=\"entry-footer\"><\/footer><\/article><div class='iconlist-timeline'><\/div><\/li>\n<li><div  style='color:#d39c3c; font-size:14px; ' class='iconlist_icon  avia-font-entypo-fontello'><span class='iconlist-char ' aria-hidden='true' data-av_icon='\ue8cd' data-av_iconfont='entypo-fontello'><\/span><\/div><article class=\"article-icon-entry av-iconlist-empty\"  itemscope=\"itemscope\" itemtype=\"https:\/\/schema.org\/CreativeWork\" ><div class='iconlist_content_wrap'><header class=\"entry-content-header\"><div class='av_iconlist_title iconlist_title_small   '  itemprop=\"headline\"   style='font-size:14px; '>Eine Wasserstelle, um Ihr Fahrrad bei Bedarf zu sp\u00fclen<\/div><\/header><div class='iconlist_content  '  itemprop=\"text\"  ><\/div><\/div><footer class=\"entry-footer\"><\/footer><\/article><div class='iconlist-timeline'><\/div><\/li>\n<li><div  style='color:#d39c3c; font-size:14px; ' class='iconlist_icon  avia-font-entypo-fontello'><span class='iconlist-char ' aria-hidden='true' data-av_icon='\ue866' data-av_iconfont='entypo-fontello'><\/span><\/div><article class=\"article-icon-entry av-iconlist-empty\"  itemscope=\"itemscope\" itemtype=\"https:\/\/schema.org\/CreativeWork\" ><div class='iconlist_content_wrap'><header class=\"entry-content-header\"><div class='av_iconlist_title iconlist_title_small   '  itemprop=\"headline\"   style='font-size:14px; '>Der Heizungskeller des Bauernhofs (der das ganze Jahr \u00fcber Kalorien produziert), um bei schlechtem Wetter Ihre nassen Kleider zu trocknen.<\/div><\/header><div class='iconlist_content  '  itemprop=\"text\"  ><\/div><\/div><footer class=\"entry-footer\"><\/footer><\/article><div class='iconlist-timeline'><\/div><\/li>\n<\/ul><\/div><br \/>\n<div   class='hr hr-short hr-center   avia-builder-el-12  el_after_av_iconlist  el_before_av_textblock '><span class='hr-inner ' ><span class='hr-inner-style'><\/span><\/span><\/div><br \/>\n<section class=\"av_textblock_section \"  itemscope=\"itemscope\" itemtype=\"https:\/\/schema.org\/CreativeWork\" ><div class='avia_textblock  '   itemprop=\"text\" ><h2>Zu Ihrem Vergn\u00fcgen bieten wir Ihnen :<\/h2>\n<ul>\n<li>Ein Begr\u00fc\u00dfungsgetr\u00e4nk, um Ihren Durst zu stillen oder sich aufzuw\u00e4rmen, je nach Wetterlage<\/li>\n<li>Ein saisonaler Picknickkorb f\u00fcr Ihr Abendessen, wenn Sie m\u00f6chten (dieses Angebot gilt ausschlie\u00dflich f\u00fcr Reisende mit Fahrrad).<\/li>\n<li>Ein (super) reichhaltiges Fr\u00fchst\u00fcck mit Produkten vom Bauernhof und aus der Region, damit Sie den Rest Ihrer Reise in bester Form in Angriff nehmen k\u00f6nnen.<\/li>\n<li>Zugang zum Jacuzzi, um sich zu entspannen<\/li>\n<\/ul>\n<\/div><\/section><\/p><\/div><\/div><!--close column table wrapper. Autoclose: 1 -->\n<\/div><\/div><\/div><!-- close content main div --><\/div><\/div><div id='av_section_1'  class='avia-section main_color avia-section-default avia-no-border-styling  avia-bg-style-scroll  avia-builder-el-14  el_after_av_three_fifth  el_before_av_section   container_wrap fullsize' style=' '  ><div class='container' ><div class='template-page content  av-content-full alpha units'><div class='post-entry post-entry-type-page post-entry-7839'><div class='entry-content-wrapper clearfix'>\n<div  class='avia-image-container  av-styling-    avia-builder-el-15  el_before_av_icon_box  avia-builder-el-first  avia-align-center '  itemprop=\"image\" itemscope=\"itemscope\" itemtype=\"https:\/\/schema.org\/ImageObject\"  ><div class='avia-image-container-inner'><div class='avia-image-overlay-wrap'><img decoding=\"async\" class='wp-image-7824 avia-img-lazy-loading-not-7824 avia_image' src=\"https:\/\/www.gites-lacledeschamps.fr\/wp-content\/uploads\/2025\/12\/velo-vert.jpg\" alt='' title='velo-vert' height=\"122\" width=\"206\"  itemprop=\"thumbnailUrl\"  \/><\/div><\/div><\/div>\n<article  class=\"iconbox iconbox_left    avia-builder-el-16  el_after_av_image  el_before_av_button  \"  itemscope=\"itemscope\" itemtype=\"https:\/\/schema.org\/CreativeWork\" ><div class=\"iconbox_content\"><header class=\"entry-content-header\"><div class=\"iconbox_icon heading-color\" aria-hidden='true' data-av_icon='\ue854' data-av_iconfont='entypo-fontello'  ><\/div><h3 class='iconbox_content_title  '  itemprop=\"headline\"  >Praxis  <\/h3><\/header><div class='iconbox_content_container  '  itemprop=\"text\"  ><p>Wir befinden uns nur 3 km von der Strecke der La R\u00e9galante zwischen La Guerche de Bretagne und Chateaubriant entfernt. Wenn Sie Ihre Reise dort beenden m\u00f6chten, k\u00f6nnen Sie vom Bahnhof Martign\u00e9-Ferchaud aus Rennes auf der einen Seite oder Nantes (\u00fcber Chateaubriant) auf der anderen Seite erreichen. <\/p>\n<blockquote>\n<p>&gt; <a href=\"https:\/\/www.ter.sncf.com\/bretagne?&amp;&amp;&amp;&amp;gclsrc=aw.ds&amp;gad_source=1&amp;gad_campaignid=20891611407&amp;gbraid=0AAAAADKDLja0ApDHDegjD0rn_B25P5lrv&amp;gclid=Cj0KCQiAoZDJBhC0ARIsAERP-F8h6PMu2EJ1ZExQnz68hYw6qFLek9mrGbXhW92AiGJ-4PcIFv8MTwsaAshxEALw_wcB\" target=\"_blank\" rel=\"noopener\">Buchen Sie Ihren Zug nach Rennes<\/a><br \/>\n<a href=\"https:\/\/www.ter.sncf.com\/pays-de-la-loire?&amp;&amp;&amp;&amp;gclsrc=aw.ds&amp;gad_source=1&amp;gad_campaignid=20891612109&amp;gbraid=0AAAAADKDLjYJtrBMc25p6voOeNvCul8LY&amp;gclid=Cj0KCQiAoZDJBhC0ARIsAERP-F8dn7StHkvKjOdwz_lE8djj49YjWGPQMHdtGiFtR8-Wxvah8OQay2gaAkF1EALw_wcB\" target=\"_blank\" rel=\"noopener\">&gt; Buchen Sie Ihren Zug nach Nantes<\/a><\/p>\n<\/blockquote>\n<h3 style=\"text-align: center;\">Also &#8230; aufsitzen!<\/h3>\n<\/div><\/div><footer class=\"entry-footer\"><\/footer><\/article>\n<div  class='avia-button-wrap avia-button-center  avia-builder-el-17  el_after_av_icon_box  avia-builder-el-last ' ><a href='https:\/\/www.gites-lacledeschamps.fr\/de\/kontakt\/'  class='avia-button   avia-icon_select-no avia-size-large avia-position-center '  style='background-color:#ffcbcb; border-color:#ffcbcb; color:#3c0808; ' ><span class='avia_iconbox_title' >Kontaktieren Sie uns<\/span><span class='avia_button_background avia-button avia-color-custom' style='background-color:#ff9e9e;'><\/span><\/a><\/div>\n\n<\/div><\/div><\/div><!-- close content main div --><\/div><\/div><div id='av_section_2'  class='avia-section main_color avia-section-default avia-no-border-styling  avia-bg-style-scroll  avia-builder-el-18  el_after_av_section  avia-builder-el-last   container_wrap fullsize' style='background-repeat: repeat-x; background-image: url(https:\/\/www.gites-lacledeschamps.fr\/wp-content\/uploads\/2021\/07\/fond-insta.jpg);background-attachment: scroll; background-position: bottom center;  '  data-section-bg-repeat='repeat-x'><div class='container' ><div class='template-page content  av-content-full alpha units'><div class='post-entry post-entry-type-page post-entry-7839'><div class='entry-content-wrapper clearfix'>\n<div  style='padding-bottom:10px; color:#6d876b;' class='av-special-heading av-special-heading-h2 custom-color-heading blockquote modern-quote modern-centered  avia-builder-el-19  avia-builder-el-no-sibling  '><h2 class='av-special-heading-tag '  itemprop=\"headline\"  >FOLGEN SIE UNS AUF INSTAGRAM @LACLEDESCHAMPS_BZH<\/h2><div class='special-heading-border'><div class='special-heading-inner-border' style='border-color:#6d876b'><\/div><\/div><\/div>\n<p><br \/>\n\n","protected":false},"excerpt":{"rendered":"","protected":false},"author":1,"featured_media":0,"parent":0,"menu_order":0,"comment_status":"closed","ping_status":"closed","template":"","meta":{"footnotes":""},"class_list":["post-7839","page","type-page","status-publish","hentry"],"aioseo_notices":[],"_links":{"self":[{"href":"https:\/\/www.gites-lacledeschamps.fr\/de\/wp-json\/wp\/v2\/pages\/7839","targetHints":{"allow":["GET"]}}],"collection":[{"href":"https:\/\/www.gites-lacledeschamps.fr\/de\/wp-json\/wp\/v2\/pages"}],"about":[{"href":"https:\/\/www.gites-lacledeschamps.fr\/de\/wp-json\/wp\/v2\/types\/page"}],"author":[{"embeddable":true,"href":"https:\/\/www.gites-lacledeschamps.fr\/de\/wp-json\/wp\/v2\/users\/1"}],"replies":[{"embeddable":true,"href":"https:\/\/www.gites-lacledeschamps.fr\/de\/wp-json\/wp\/v2\/comments?post=7839"}],"version-history":[{"count":5,"href":"https:\/\/www.gites-lacledeschamps.fr\/de\/wp-json\/wp\/v2\/pages\/7839\/revisions"}],"predecessor-version":[{"id":7847,"href":"https:\/\/www.gites-lacledeschamps.fr\/de\/wp-json\/wp\/v2\/pages\/7839\/revisions\/7847"}],"wp:attachment":[{"href":"https:\/\/www.gites-lacledeschamps.fr\/de\/wp-json\/wp\/v2\/media?parent=7839"}],"curies":[{"name":"wp","href":"https:\/\/api.w.org\/{rel}","templated":true}]}}