{"id":7297,"date":"2018-05-29T10:58:25","date_gmt":"2018-05-29T09:58:25","guid":{"rendered":"https:\/\/www.gites-lacledeschamps.fr\/datenschutzrichtlinie-und-rechtliche-hinweise\/"},"modified":"2018-05-29T10:58:25","modified_gmt":"2018-05-29T09:58:25","slug":"datenschutzrichtlinie-und-rechtliche-hinweise","status":"publish","type":"page","link":"https:\/\/www.gites-lacledeschamps.fr\/de\/datenschutzrichtlinie-und-rechtliche-hinweise\/","title":{"rendered":"Datenschutzrichtlinie und rechtliche Hinweise"},"content":{"rendered":"<h2>Datenschutzrichtlinie der Website und rechtliche Hinweise<\/h2>\n<p><a title=\"Ferienhaus La cl\u00e9 des champs - https:\/\/www.gites-lacledeschamps.fr\" href=\"https:\/\/www.gites-lacledeschamps.fr\/\">https:\/\/www.gites-lacledeschamps.fr<\/a><\/p>\n<p><strong>PREAMBULE<\/strong><\/p>\n<p>G\u00eete La cl\u00e9 des champs verpflichtet sich, dass die Sammlung und Verarbeitung Ihrer Daten auf rechtm\u00e4\u00dfige, loyale und transparente Weise erfolgt, in \u00dcbereinstimmung mit der allgemeinen Datenschutzverordnung (RGPD) und dem ge\u00e4nderten franz\u00f6sischen Datenschutzgesetz von 1978.<\/p>\n<p>Die Erhebung personenbezogener Daten von Interessenten und Kunden beschr\u00e4nkt sich gem\u00e4\u00df dem Grundsatz der Datenminimierung auf das absolut Notwendige und gibt an, zu welchen Zwecken die Daten erhoben werden, ob die Bereitstellung der Daten freiwillig oder obligatorisch ist, um die Anfragen zu bearbeiten, und wer sie einsehen kann.<\/p>\n<h3>ARTIKEL 1: Gesetzliche Informationen<\/h3>\n<p>Gem\u00e4\u00df Artikel 6 des Gesetzes Nr. 2004-575 vom 21. Juni 2004 \u00fcber das Vertrauen in die digitale Wirtschaft wird den Nutzern der Website <a title=\"Ferienhaus La cl\u00e9 des champs - https:\/\/www.gites-lacledeschamps.fr\" href=\"https:\/\/www.gites-lacledeschamps.fr\/\">https:\/\/www.gites-lacledeschamps.fr<\/a> die Identit\u00e4t der verschiedenen Akteure im Rahmen der Realisierung und \u00dcberwachung der Website mitgeteilt: <\/p>\n<p><strong>Der Herausgeber<\/strong>: Die nat\u00fcrliche oder juristische Person, die Online-Dienste f\u00fcr die \u00f6ffentliche Kommunikation herausgibt, d.h.:<br \/>\nG\u00eete La cl\u00e9 des champs, Claude et Olivier MONHAROUL, La Bouli\u00e8re, 35640 MARTIGNE-FERCHAUD, vertreten durch ihren gesetzlichen Vertreter mit Sitz am selben Ort.<br \/>\nTelefon: 06 86 95 68 34<br \/>\nKontaktadresse: contact@gites-lacledeschamps.fr<\/p>\n<p><strong>Verantwortlich f\u00fcr die Ver\u00f6ffentlichung<\/strong>: Claude und Olivier MONHAROUL <a href=\"mailto:contact@gites-lacledeschamps.fr\">&#8211; contact@gites-lacledeschamps.fr<\/a><\/p>\n<p>Der Verantwortliche f\u00fcr die Ver\u00f6ffentlichung ist eine nat\u00fcrliche Person oder eine juristische Person.<\/p>\n<p><strong>Regie<\/strong>: <a href=\"http:\/\/www.lisiere-du-web.fr\">A la lisiere du web<\/a><\/p>\n<p><strong>Host<\/strong>: G\u00eete La cl\u00e9 des champs wird von <a href=\"http:\/\/www.ovh.com\">OVH<\/a>, mit Sitz in 2 rue Kellermann, 59100 Roubaix &#8211; Frankreich, gehostet.<\/p>\n<p><strong>Die Website<\/strong>: Die Gesamtheit der Website, Internetseiten und Online-Dienste, die vom Herausgeber angeboten werden, der die Websites betreibt, die \u00fcber die folgende URL-Adresse zug\u00e4nglich sind:<\/p>\n<ul>\n<li>Adresse <a title=\"Ferienhaus La cl\u00e9 des champs - https:\/\/www.gites-lacledeschamps.fr\" href=\"https:\/\/www.gites-lacledeschamps.fr\/\">https:\/\/www.gites-lacledeschamps.fr<\/a><\/li>\n<\/ul>\n<p><strong>Benutzer<\/strong>: Die Person, die die Website und die Dienstleistungen nutzt.<\/p>\n<h3>ARTIKEL 2: Allgemeine Bedingungen f\u00fcr die Nutzung der Website und der angebotenen Dienstleistungen<\/h3>\n<p>Die Nutzung der Website setzt die vollst\u00e4ndige und uneingeschr\u00e4nkte Annahme der nachstehend beschriebenen allgemeinen Nutzungsbedingungen voraus.<br \/>\nDiese Website ist normalerweise jederzeit f\u00fcr die Nutzer zug\u00e4nglich. Eine Unterbrechung aufgrund technischer Wartungsarbeiten kann jedoch beschlossen werden.<br \/>\nDie Website wird regelm\u00e4\u00dfig aktualisiert. Auch die rechtlichen Hinweise k\u00f6nnen jederzeit ge\u00e4ndert werden, sind jedoch f\u00fcr den Nutzer verbindlich, der sie so oft wie m\u00f6glich lesen sollte.  <\/p>\n<h3>ARTIKEL 3: Beschreibung der erbrachten Dienstleistungen<\/h3>\n<p>Die Website soll Informationen \u00fcber alle Aktivit\u00e4ten des Unternehmens liefern.<br \/>\nG\u00eete La cl\u00e9 des champs bem\u00fcht sich, die Informationen auf dieser Website so genau wie m\u00f6glich zu gestalten. Das Unternehmen kann jedoch nicht f\u00fcr Auslassungen, Ungenauigkeiten und Aktualisierungsfehler verantwortlich gemacht werden, die durch das Unternehmen selbst oder durch dritte Partner, die diese Informationen zur Verf\u00fcgung stellen, verursacht werden.<br \/>\nAlle Informationen auf der Website sind unverbindlich und k\u00f6nnen sich \u00e4ndern. Dar\u00fcber hinaus sind die Informationen auf der Website nicht ersch\u00f6pfend. Sie werden vorbehaltlich der seit ihrer Ver\u00f6ffentlichung vorgenommenen \u00c4nderungen gegeben.   <\/p>\n<h3>ARTIKEL 4: Art der gesammelten Daten<\/h3>\n<p><strong>Im Rahmen der Nutzung der Websites kann G\u00eete La cl\u00e9 des champs die folgenden Kategorien von Daten \u00fcber seine Nutzer sammeln:  <\/strong><\/p>\n<ul>\n<li>Identifikationsdaten (Name, Vorname, E-Mail)<\/li>\n<li>Verbindungsdaten (IP-Adressen, &#8230;)<\/li>\n<\/ul>\n<p><strong>Die Daten werden gesammelt:  <\/strong><\/p>\n<ul>\n<li>Wenn Sie uns eine Nachricht senden, damit wir Ihnen antworten k\u00f6nnen,<\/li>\n<\/ul>\n<p><strong>G\u00eete La cl\u00e9 des champs verpflichtet sich, ein schriftliches Verzeichnis aller Kategorien von Verarbeitungst\u00e4tigkeiten zu f\u00fchren, die als Verantwortlicher f\u00fcr die Verarbeitung der oben genannten Daten durchgef\u00fchrt werden.<\/strong><\/p>\n<h3>ARTIKEL 5: Information und Rechte der Nutzer<\/h3>\n<p>Der Ver\u00f6ffentlicher informiert Sie hiermit klar und deutlich \u00fcber die Verarbeitung personenbezogener Daten, die er im Rahmen seiner T\u00e4tigkeit durchf\u00fchrt, wie die Daten gesammelt, verwendet und gesch\u00fctzt werden.<\/p>\n<p><strong>Jeder Nutzer hat das Recht, den Verantwortlichen f\u00fcr die Datenverarbeitung, d.h. den Herausgeber, zu bitten, die Daten zu verarbeiten:<\/strong><\/p>\n<ul>\n<li><strong>Der Zugang zu den bereitgestellten personenbezogenen Daten ;<\/strong><\/li>\n<li><strong>Berichtigung oder L\u00f6schung ;<\/strong><\/li>\n<li><strong>Eine Einschr\u00e4nkung der Verarbeitung in Bezug auf seine Person ;<\/strong><\/li>\n<li><strong>Widerspruch gegen die Verarbeitung einzulegen ;<\/strong><\/li>\n<li><strong>Auf die \u00dcbertragbarkeit von Daten ;<\/strong><\/li>\n<li><strong>Eine Beschwerde bei der CNIL einzureichen.<\/strong><\/li>\n<\/ul>\n<h3>ARTIKEL 6: Unterauftragsvergabe<\/h3>\n<p>Der Ver\u00f6ffentlicher verpflichtet sich, dass jeder Unterauftragsverarbeiter ausreichende vertragliche Garantien f\u00fcr die Umsetzung geeigneter technischer und organisatorischer Ma\u00dfnahmen vorlegt, damit die Verarbeitung den Anforderungen der Europ\u00e4ischen Datenschutzverordnung entspricht.<\/p>\n<p>Der Ver\u00f6ffentlicher kann einen oder mehrere Unterauftragnehmer mit der Durchf\u00fchrung spezifischer Verarbeitungsaktivit\u00e4ten beauftragen, die den Bedingungen dieser Richtlinie unterliegen. Ein Unterauftragnehmer darf ohne vorherige schriftliche Genehmigung des Verlages nicht selbst einen Unterauftragnehmer beauftragen. <\/p>\n<h3>ARTIKEL 7: Weitergabe von Daten an Dritte<\/h3>\n<p><strong>Offenlegung gegen\u00fcber Beh\u00f6rden auf der Grundlage gesetzlicher Verpflichtungen:<\/strong> Auf der Grundlage gesetzlicher Verpflichtungen k\u00f6nnen Ihre pers\u00f6nlichen Daten in Anwendung eines Gesetzes, einer Verordnung oder aufgrund einer Entscheidung einer zust\u00e4ndigen Regulierungsbeh\u00f6rde oder eines Gerichts offengelegt werden.<\/p>\n<p>Im Allgemeinen verpflichten wir uns, alle gesetzlichen Vorschriften einzuhalten, die die Verbreitung von Informationen oder Daten verhindern, einschr\u00e4nken oder regeln k\u00f6nnten, und insbesondere das Gesetz Nr. 78-17 vom 6. Januar 1978 \u00fcber Informatik, Dateien und Freiheiten und die Allgemeine Datenschutzverordnung (GDPR) der Europ\u00e4ischen Union einzuhalten.<\/p>\n<p><strong>Weitergabe an Dritte gem\u00e4\u00df den Einstellungen des Kontos : <\/strong>Ihre pers\u00f6nlichen Daten werden streng vertraulich behandelt und k\u00f6nnen nicht an Dritte weitergegeben werden, es sei denn, Sie haben Ihre Zustimmung dazu gegeben.  <strong><br \/>\n<\/strong><strong>Verpflichtung zur Anwendbarkeit der Datenschutzpolitik:<\/strong> Im Falle der Weitergabe Ihrer pers\u00f6nlichen Daten an einen Dritten wird der Ver\u00f6ffentlicher sicherstellen, dass dieser Dritte verpflichtet ist, die gleichen Datenschutzbedingungen anzuwenden wie die Website.<\/p>\n<h3>ARTIKEL 8: Vorherige Information f\u00fcr die Weitergabe von pers\u00f6nlichen Daten an Dritte im Falle einer Fusion \/ \u00dcbernahme<\/h3>\n<p><strong>Vorabinformation und Opt-Out-M\u00f6glichkeit vor und nach einer Fusion \/ \u00dcbernahme: <\/strong>Falls wir an einer Fusion, \u00dcbernahme oder einer anderen Form der Ver\u00e4u\u00dferung von Verm\u00f6genswerten teilnehmen, verpflichten wir uns, die Vertraulichkeit Ihrer pers\u00f6nlichen Daten zu gew\u00e4hrleisten und Sie zu informieren, bevor diese \u00fcbertragen werden oder neuen Datenschutzbestimmungen unterliegen.<\/p>\n<h3>ARTIKEL 9: Aggregation von Daten<\/h3>\n<p><strong>Aggregation mit nicht-personenbezogenen Daten: <\/strong>Wir k\u00f6nnen aggregierte Informationen (Informationen \u00fcber alle unsere Nutzer oder bestimmte Gruppen oder Kategorien von Nutzern, die wir so kombinieren, dass ein einzelner Nutzer nicht mehr identifiziert oder erw\u00e4hnt werden kann) und nicht-personenbezogene Informationen f\u00fcr Branchen- und Marktanalysen, demografische Profilerstellung, Werbe- und Promotionszwecke und andere kommerzielle Zwecke ver\u00f6ffentlichen, offenlegen und nutzen.<\/p>\n<h3>ARTIKEL 10: Cookies<\/h3>\n<p><strong>Dauer der Speicherung von Cookies:<\/strong> Gem\u00e4\u00df den Empfehlungen der CNIL betr\u00e4gt die maximale Dauer der Speicherung von Cookies maximal 13 Monate nach ihrer ersten Ablage im Terminal des Nutzers, ebenso wie die Dauer der G\u00fcltigkeit der Zustimmung des Nutzers zur Verwendung dieser Cookies. Die G\u00fcltigkeitsdauer der Cookies wird nicht bei jedem Besuch verl\u00e4ngert. Die Zustimmung des Nutzers muss daher nach Ablauf dieser Frist erneuert werden.  <\/p>\n<p><strong>Zweck der Cookies :<\/strong> Cookies k\u00f6nnen zu statistischen Zwecken verwendet werden, insbesondere um die Dienstleistungen f\u00fcr den Nutzer zu optimieren, indem Informationen \u00fcber die H\u00e4ufigkeit des Zugriffs, die Personalisierung der Seiten sowie die durchgef\u00fchrten Operationen und die aufgerufenen Informationen verarbeitet werden.<br \/>\nSie werden dar\u00fcber informiert, dass der Herausgeber Cookies auf Ihrem Endger\u00e4t ablegen kann. Der Cookie speichert Informationen \u00fcber die Navigation auf dem Dienst (die von Ihnen besuchten Seiten, das Datum und die Uhrzeit des Besuchs&#8230;), die wir bei Ihren sp\u00e4teren Besuchen lesen k\u00f6nnen. Wenn Sie einen Kommentar auf unserer Website abgeben, wird Ihnen angeboten, Ihren Namen, Ihre E-Mail-Adresse und Ihre Website in Cookies zu speichern. Dies geschieht nur zu Ihrer Bequemlichkeit, damit Sie diese Informationen nicht eingeben m\u00fcssen, wenn Sie sp\u00e4ter einen weiteren Kommentar abgeben. Diese Cookies laufen nach einem Jahr ab. Wenn Sie ein Konto haben und sich auf dieser Website anmelden, wird ein tempor\u00e4res Cookie erstellt, um festzustellen, ob Ihr Browser Cookies akzeptiert. Es enth\u00e4lt keine pers\u00f6nlichen Daten und wird automatisch gel\u00f6scht, wenn Sie Ihren Browser schlie\u00dfen. Wenn Sie sich einloggen, werden wir eine Reihe von Cookies setzen, um Ihre Anmeldeinformationen und Bildschirmeinstellungen zu speichern. Die Lebensdauer eines Login-Cookies betr\u00e4gt zwei Tage, die eines Cookies f\u00fcr die Bildschirmpr\u00e4ferenzen ein Jahr. Wenn Sie \u201eAn mich erinnern\u201c ankreuzen, wird Ihr Anmelde-Cookie zwei Wochen lang gespeichert. Wenn Sie sich von Ihrem Konto abmelden, wird das Login-Cookie gel\u00f6scht.Wenn Sie einen Artikel bearbeiten oder ver\u00f6ffentlichen, wird ein zus\u00e4tzliches Cookie in Ihrem Browser gespeichert. Dieses Cookie enth\u00e4lt keine pers\u00f6nlichen Daten. Es enth\u00e4lt lediglich die Kennung des Artikels, den Sie gerade bearbeitet haben. Das Cookie l\u00e4uft nach einem Tag ab.<\/p>\n<p><strong>Recht des Nutzers, Cookies abzulehnen, da die Deaktivierung zu einer Beeintr\u00e4chtigung des Dienstes f\u00fchrt:<\/strong> Sie best\u00e4tigen, dass Sie dar\u00fcber informiert wurden, dass der Ver\u00f6ffentlicher Cookies verwenden kann, und erteilen ihm die Erlaubnis dazu. Wenn Sie nicht m\u00f6chten, dass Cookies auf Ihrem Endger\u00e4t verwendet werden, k\u00f6nnen Sie bei den meisten Browsern die Verwendung von Cookies \u00fcber die Einstellungsoptionen deaktivieren. Sie werden jedoch darauf hingewiesen, dass einige Dienste m\u00f6glicherweise nicht mehr richtig funktionieren.  <\/p>\n<p><strong>M\u00f6gliche Verkn\u00fcpfung von Cookies mit personenbezogenen Daten, um die Funktion des Dienstes zu erm\u00f6glichen:<\/strong> Der Ver\u00f6ffentlicher kann Navigationsinformationen durch die Verwendung von Cookies sammeln.<\/p>\n<h3>ARTIKEL 11: Statistiken und Messung des Publikums<\/h3>\n<p>Unsere Website benutzt Google Analytics, um das Publikum zu messen und Statistiken \u00fcber die Nutzung der Website zu erstellen.<\/p>\n<p>Google Analytics sch\u00fctzt die Privatsph\u00e4re der Google Analytics-Daten auf verschiedene Weise: Die Nutzungsbedingungen von Google Analytics, denen alle Google Analytics-Kunden zustimmen m\u00fcssen, verbieten die \u00dcbertragung von pers\u00f6nlichen Informationen an Google Analytics. Diese Informationen umfassen alle Daten, die von Google verwendet werden k\u00f6nnen, um eine Person vern\u00fcnftigerweise zu identifizieren, einschlie\u00dflich (aber nicht beschr\u00e4nkt auf) Namen, E-Mail-Adressen oder Rechnungsinformationen. Google Analytics-Daten werden nicht ohne die vorherige Zustimmung des Nutzers weitergegeben, au\u00dfer unter bestimmten au\u00dfergew\u00f6hnlichen Umst\u00e4nden, wie z.B. einer gerichtlichen Anordnung. Spezielle Teams von Google-Sicherheitstechnikern sind f\u00fcr den Schutz der Daten vor externen Bedrohungen verantwortlich. Der interne Zugriff auf Daten (z. B. durch Mitarbeiter) wird streng kontrolliert. Dar\u00fcber hinaus unterliegen sie bestimmten Verfahren und Zugangskontrollen. Siehe die Datenschutzrichtlinie von Google Analytics: <a href=\"https:\/\/policies.google.com\/privacy?hl=fr\">https:\/\/policies.google.com\/privacy?hl=fr<\/a>      <\/p>\n<h3>ARTIKEL 12: Aufbewahrung der technischen Daten<\/h3>\n<p>Dauer der Speicherung der <strong>technischen Daten:<\/strong> Die technischen Daten werden nur so lange gespeichert, wie es f\u00fcr die Erreichung der oben genannten Zwecke unbedingt erforderlich ist.<\/p>\n<h3>ARTIKEL 13: Aufbewahrungsfristen f\u00fcr pers\u00f6nliche Daten<\/h3>\n<p><strong>Aufbewahrung der Daten w\u00e4hrend der Dauer des Vertragsverh\u00e4ltnisses:<\/strong> Gem\u00e4\u00df Artikel 6-5\u00b0 des Gesetzes Nr. 78-17 vom 6. Januar 1978 \u00fcber Informatik, Dateien und Freiheiten werden personenbezogene Daten, die Gegenstand einer Verarbeitung sind, nicht l\u00e4nger aufbewahrt als f\u00fcr die Erf\u00fcllung der bei Vertragsabschluss festgelegten Verpflichtungen erforderlich ist oder als die vordefinierte Dauer des Vertragsverh\u00e4ltnisses.<\/p>\n<p><strong>Aufbewahrung anonymisierter Daten \u00fcber das Vertragsverh\u00e4ltnis hinaus \/ nach L\u00f6schung des Kontos : <\/strong>Wir speichern pers\u00f6nliche Daten nur so lange, wie es f\u00fcr die in dieser Richtlinie beschriebenen Zwecke unbedingt erforderlich ist. Nach Ablauf dieses Zeitraums werden die Daten anonymisiert und ausschlie\u00dflich zu statistischen Zwecken aufbewahrt und in keiner Weise weiterverwendet. <\/p>\n<p><strong>L\u00f6schung von Daten nach L\u00f6schung des Kontos : <\/strong>Es werden Mittel zur Bereinigung von Daten eingesetzt, um deren effektive L\u00f6schung vorzusehen, sobald die f\u00fcr die Erf\u00fcllung der festgelegten oder vorgeschriebenen Zwecke erforderliche Aufbewahrungs- oder Archivierungsdauer erreicht ist. Gem\u00e4\u00df dem Gesetz Nr. 78-17 vom 6. Januar 1978 \u00fcber Informatik, Dateien und Freiheiten haben Sie au\u00dferdem ein Recht auf L\u00f6schung Ihrer Daten, das Sie jederzeit durch Kontaktaufnahme mit dem Herausgeber aus\u00fcben k\u00f6nnen. <\/p>\n<p><strong>Datenl\u00f6schung nach 3 Jahren Inaktivit\u00e4t: <\/strong>Aus Sicherheitsgr\u00fcnden werden Sie, wenn Sie sich innerhalb eines Zeitraums von drei Jahren nicht auf der Website authentifiziert haben oder sich nicht aktiv verhalten haben (auf einen Link geklickt haben), eine E-Mail erhalten, in der Sie aufgefordert werden, sich so bald wie m\u00f6glich anzumelden, andernfalls werden Ihre Daten aus unseren Datenbanken gel\u00f6scht.<\/p>\n<h3>ARTIKEL 14: L\u00f6schung des Kontos<\/h3>\n<p><strong>L\u00f6schung des Kontos auf Antrag: <\/strong>Der Nutzer hat die M\u00f6glichkeit, sein Konto jederzeit zu l\u00f6schen, entweder durch eine einfache Anfrage an den Ver\u00f6ffentlicher ODER \u00fcber das Men\u00fc \u201eKonto l\u00f6schen\u201c in den Kontoeinstellungen, falls vorhanden.<\/p>\n<p><strong>L\u00f6schung des Kontos im Falle eines Versto\u00dfes gegen die Datenschutzbestimmungen:  <\/strong><\/p>\n<p>Der Ver\u00f6ffentlicher beh\u00e4lt sich das Recht vor, im Falle eines Versto\u00dfes gegen eine oder mehrere Bestimmungen dieser Vereinbarung oder eines anderen Dokuments, das durch Verweis in diese Vereinbarung aufgenommen wurde, Ihre Nutzung und Ihren Zugang zu den Dienstleistungen, Ihrem Konto und allen Websites ohne vorherige Ank\u00fcndigung und nach eigenem Ermessen zu beenden oder einzuschr\u00e4nken.<\/p>\n<h3>ARTIKEL 15: Hinweise im Falle einer vom Herausgeber entdeckten Sicherheitsl\u00fccke<\/h3>\n<p><strong>Information des Nutzers im Falle einer Sicherheitsl\u00fccke:<\/strong> Wir verpflichten uns, alle geeigneten technischen und organisatorischen Ma\u00dfnahmen durch physische und logistische Sicherheitsmittel zu ergreifen, um ein angemessenes Sicherheitsniveau im Hinblick auf die Risiken eines zuf\u00e4lligen, nicht autorisierten oder illegalen Zugriffs, einer Offenlegung, \u00c4nderung, eines Verlusts oder einer Zerst\u00f6rung Ihrer pers\u00f6nlichen Daten zu gew\u00e4hrleisten.<\/p>\n<p>Falls wir Kenntnis von einem unrechtm\u00e4\u00dfigen Zugriff auf Ihre pers\u00f6nlichen Daten, die auf unseren Servern oder den Servern unserer Dienstleister gespeichert sind, oder von einem unberechtigten Zugriff erhalten, der zur Verwirklichung der oben genannten Risiken f\u00fchrt, verpflichten wir uns zu Folgendem:<\/p>\n<ul>\n<li>Sie so schnell wie m\u00f6glich \u00fcber den Vorfall zu informieren, wenn dies gesetzlich vorgeschrieben ist;<\/li>\n<li>Untersuchung der Ursachen des Vorfalls ;<\/li>\n<li>die notwendigen und angemessenen Ma\u00dfnahmen zu ergreifen, um die negativen Auswirkungen und Sch\u00e4den, die sich aus dem Vorfall ergeben k\u00f6nnen, zu minimieren.<\/li>\n<\/ul>\n<p><strong>Beschr\u00e4nkung der Haftung :  <\/strong><\/p>\n<p>In keinem Fall d\u00fcrfen die oben genannten Verpflichtungen zur Meldung von Sicherheitsverletzungen als Anerkennung eines Fehlers oder einer Verantwortung f\u00fcr das Auftreten des betreffenden Vorfalls angesehen werden.<\/p>\n<h3>ARTIKEL 16: \u00dcbertragung von pers\u00f6nlichen Daten ins Ausland<\/h3>\n<p><strong>\u00dcbertragung von Daten in L\u00e4nder mit einem gleichwertigen Schutzniveau : <\/strong>Der Ver\u00f6ffentlicher verpflichtet sich, die geltenden Vorschriften f\u00fcr die \u00dcbertragung von Daten in andere L\u00e4nder einzuhalten, insbesondere wie folgt:<\/p>\n<ul>\n<li>Der Ver\u00f6ffentlicher \u00fcbertr\u00e4gt die personenbezogenen Daten seiner Nutzer in L\u00e4nder, die als L\u00e4nder mit einem gleichwertigen Schutzniveau anerkannt sind.<\/li>\n<li>Der Ver\u00f6ffentlicher \u00fcbertr\u00e4gt die personenbezogenen Daten seiner Nutzer au\u00dferhalb der L\u00e4nder, die von der CNIL als L\u00e4nder mit einem ausreichenden Schutzniveau anerkannt sind: Der Ver\u00f6ffentlicher hat eine Genehmigung der CNIL f\u00fcr diesen Transfer erhalten.<\/li>\n<\/ul>\n<p>Eine Liste dieser L\u00e4nder finden Sie unter: <a href=\"https:\/\/www.cnil.fr\/fr\/la-protection-des-donnees-dans-le-monde\">CNIL &#8211; Datenschutz in der Welt<\/a><\/p>\n<h3>ARTIKEL 17: \u00c4nderung der Datenschutzpolitik<\/h3>\n<p>Im Falle einer \u00c4nderung der vorliegenden Bestimmungen verpflichtet sich der Ver\u00f6ffentlicher, das Niveau der Vertraulichkeit nicht wesentlich zu senken, ohne die betroffenen Personen vorher zu informieren.<\/p>\n<h3>ARTIKEL 18: \u00dcbertragbarkeit von Daten<\/h3>\n<p>Der Ver\u00f6ffentlicher verpflichtet sich, Ihnen die M\u00f6glichkeit zu bieten, alle Sie betreffenden Daten auf einfache Anfrage zur\u00fcckzubekommen. Auf diese Weise wird sichergestellt, dass der Nutzer eine bessere Kontrolle \u00fcber seine Daten hat und die M\u00f6glichkeit beh\u00e4lt, sie weiterzuverwenden. Diese Daten m\u00fcssen in einem offenen und leicht wiederverwendbaren Format zur Verf\u00fcgung gestellt werden, direkt an einen anderen f\u00fcr die Verarbeitung Verantwortlichen, wenn dies gew\u00fcnscht und technisch m\u00f6glich ist.  <\/p>\n<h3>ARTIKEL 19: Geistiges Eigentum und F\u00e4lschung<\/h3>\n<p>G\u00eete La cl\u00e9 des champs ist Eigent\u00fcmer der Rechte am geistigen Eigentum oder besitzt die Nutzungsrechte f\u00fcr alle auf der Website zug\u00e4nglichen Elemente, insbesondere Texte, Bilder, Grafiken, Logos, Icons, T\u00f6ne, Software.<br \/>\nDie Vervielf\u00e4ltigung, Darstellung, \u00c4nderung, Ver\u00f6ffentlichung und Anpassung aller oder eines Teils der Elemente der Website, unabh\u00e4ngig von den verwendeten Mitteln oder Verfahren, ist untersagt, es sei denn, es liegt eine vorherige schriftliche Genehmigung von : G\u00eete La cl\u00e9 des champs.<br \/>\nJede nicht genehmigte Nutzung der Website oder eines ihrer Elemente wird als F\u00e4lschung angesehen und gem\u00e4\u00df den Bestimmungen der Artikel L.335-2 ff. des Gesetzes \u00fcber geistiges Eigentum verfolgt.<\/p>\n<h3>ARTIKEL 20: Beschr\u00e4nkung der Haftung<\/h3>\n<p>G\u00eete La cl\u00e9 des champs haftet nicht f\u00fcr direkte oder indirekte Sch\u00e4den an der Ausr\u00fcstung des Nutzers beim Zugriff auf die Website G\u00eete La cl\u00e9 des champs.<br \/>\nG\u00eete La cl\u00e9 des champs haftet nicht f\u00fcr indirekte Sch\u00e4den (z.B. Marktverlust oder Verlust einer Chance), die sich aus der Nutzung der Website <a title=\"Ferienhaus La cl\u00e9 des champs - https:\/\/www.gites-lacledeschamps.fr\" href=\"https:\/\/www.gites-lacledeschamps.fr\/\">https:\/\/www.gites-lacledeschamps.fr<\/a> ergeben.<br \/>\nInteraktive Bereiche (M\u00f6glichkeit, Fragen im Kontaktbereich zu stellen) stehen den Nutzern zur Verf\u00fcgung. G\u00eete La cl\u00e9 des champs beh\u00e4lt sich das Recht vor, ohne vorherige Ank\u00fcndigung jeden Inhalt in diesem Bereich zu l\u00f6schen, der gegen die in Frankreich geltenden Gesetze und insbesondere gegen die Datenschutzbestimmungen verst\u00f6\u00dft. Gegebenenfalls beh\u00e4lt sich G\u00eete La cl\u00e9 des champs auch die M\u00f6glichkeit vor, den Nutzer zivil- und\/oder strafrechtlich zu belangen, insbesondere bei rassistischen, beleidigenden, diffamierenden oder pornografischen Mitteilungen, unabh\u00e4ngig von der Art des verwendeten Mediums (Text, Fotografie&#8230;).  <\/p>\n<h3>ARTIKEL 21: Anwendbares Recht und Sprache<\/h3>\n<p>Diese Datenschutzerkl\u00e4rung unterliegt dem franz\u00f6sischen Recht. Sie sind in franz\u00f6sischer Sprache verfasst. Falls sie in eine oder mehrere Sprachen \u00fcbersetzt werden, ist im Falle eines Rechtsstreits nur der franz\u00f6sische Text ma\u00dfgeblich. Die Ung\u00fcltigkeit einer Klausel hat nicht die Ung\u00fcltigkeit der Datenschutzrichtlinie zur Folge. Die vor\u00fcbergehende oder dauerhafte Nichtdurchsetzung einer oder mehrerer Klauseln der vorliegenden Bedingungen durch den Ver\u00f6ffentlicher kann nicht als Verzicht auf die anderen Klauseln der vorliegenden Bedingungen gewertet werden, die weiterhin wirksam sind.    <\/p>\n<h3>ARTIKEL 22: Streitigkeiten und Gerichtsstand<\/h3>\n<p>Die vorliegenden Bedingungen f\u00fcr die Nutzung der Website unterliegen dem franz\u00f6sischen Recht und der Zust\u00e4ndigkeit der Gerichte am Sitz des Herausgebers, vorbehaltlich einer spezifischen Zust\u00e4ndigkeitszuweisung, die sich aus einem besonderen Gesetzes- oder Verordnungstext ergibt.<\/p>\n","protected":false},"excerpt":{"rendered":"<p>Datenschutzrichtlinie der Website und rechtliche Hinweise https:\/\/www.gites-lacledeschamps.fr PREAMBULE G\u00eete La cl\u00e9 des champs verpflichtet sich, dass die Sammlung und Verarbeitung Ihrer Daten auf rechtm\u00e4\u00dfige, loyale und transparente Weise erfolgt, in \u00dcbereinstimmung mit der allgemeinen Datenschutzverordnung (RGPD) und dem ge\u00e4nderten franz\u00f6sischen Datenschutzgesetz von 1978. Die Erhebung personenbezogener Daten von Interessenten und Kunden beschr\u00e4nkt sich gem\u00e4\u00df dem [&hellip;]<\/p>\n","protected":false},"author":1,"featured_media":0,"parent":0,"menu_order":0,"comment_status":"closed","ping_status":"closed","template":"","meta":{"footnotes":""},"class_list":["post-7297","page","type-page","status-publish","hentry"],"aioseo_notices":[],"_links":{"self":[{"href":"https:\/\/www.gites-lacledeschamps.fr\/de\/wp-json\/wp\/v2\/pages\/7297","targetHints":{"allow":["GET"]}}],"collection":[{"href":"https:\/\/www.gites-lacledeschamps.fr\/de\/wp-json\/wp\/v2\/pages"}],"about":[{"href":"https:\/\/www.gites-lacledeschamps.fr\/de\/wp-json\/wp\/v2\/types\/page"}],"author":[{"embeddable":true,"href":"https:\/\/www.gites-lacledeschamps.fr\/de\/wp-json\/wp\/v2\/users\/1"}],"replies":[{"embeddable":true,"href":"https:\/\/www.gites-lacledeschamps.fr\/de\/wp-json\/wp\/v2\/comments?post=7297"}],"version-history":[{"count":0,"href":"https:\/\/www.gites-lacledeschamps.fr\/de\/wp-json\/wp\/v2\/pages\/7297\/revisions"}],"wp:attachment":[{"href":"https:\/\/www.gites-lacledeschamps.fr\/de\/wp-json\/wp\/v2\/media?parent=7297"}],"curies":[{"name":"wp","href":"https:\/\/api.w.org\/{rel}","templated":true}]}}