{"id":7273,"date":"2016-05-09T15:08:50","date_gmt":"2016-05-09T14:08:50","guid":{"rendered":"https:\/\/www.gites-lacledeschamps.fr\/kontakt\/"},"modified":"2025-06-11T11:20:53","modified_gmt":"2025-06-11T10:20:53","slug":"kontakt","status":"publish","type":"page","link":"https:\/\/www.gites-lacledeschamps.fr\/de\/kontakt\/","title":{"rendered":"Kontakt"},"content":{"rendered":"<div id='full_slider_1'  class='avia-fullwidth-slider main_color avia-shadow   avia-builder-el-0  el_before_av_section  avia-builder-el-first   container_wrap fullsize' style=' '  ><div   data-size='no scaling'  data-lightbox_size='large'  data-animation='slide'  data-conditional_play=''  data-ids='2123'  data-video_counter='0'  data-autoplay='false'  data-bg_slider='false'  data-slide_height=''  data-handle='av_slideshow_full'  data-interval='5'  data-class=' '  data-el_id=''  data-css_id=''  data-scroll_down=''  data-control_layout='av-control-default'  data-custom_markup=''  data-perma_caption=''  data-autoplay_stopper=''  data-image_attachment=''  data-min_height='0px'  data-lazy_loading='disabled'  data-src=''  data-position='top left'  data-repeat='no-repeat'  data-attach='scroll'  data-stretch=''  class='avia-slideshow avia-slideshow-1  av-control-default av-default-height-applied avia-slideshow-no scaling av_slideshow_full   avia-slide-slider '  itemprop=\"image\" itemscope=\"itemscope\" itemtype=\"https:\/\/schema.org\/ImageObject\" ><ul class='avia-slideshow-inner ' style='padding-bottom: 29.427083333333%;' ><li  class=' av-single-slide slide-1 ' ><div data-rel='slideshow-1' class='avia-slide-wrap '   ><img decoding=\"async\" class=\"wp-image-6496 avia-img-lazy-loading-not-6496\"  src=\"https:\/\/www.gites-lacledeschamps.fr\/wp-content\/uploads\/2021\/08\/contacts.jpg\" width=\"1920\" height=\"565\" title='contacts' alt=''  itemprop=\"thumbnailUrl\" srcset=\"https:\/\/www.gites-lacledeschamps.fr\/wp-content\/uploads\/2021\/08\/contacts.jpg 1920w, https:\/\/www.gites-lacledeschamps.fr\/wp-content\/uploads\/2021\/08\/contacts-300x88.jpg 300w, https:\/\/www.gites-lacledeschamps.fr\/wp-content\/uploads\/2021\/08\/contacts-1030x303.jpg 1030w, https:\/\/www.gites-lacledeschamps.fr\/wp-content\/uploads\/2021\/08\/contacts-768x226.jpg 768w, https:\/\/www.gites-lacledeschamps.fr\/wp-content\/uploads\/2021\/08\/contacts-1536x452.jpg 1536w, https:\/\/www.gites-lacledeschamps.fr\/wp-content\/uploads\/2021\/08\/contacts-1500x441.jpg 1500w, https:\/\/www.gites-lacledeschamps.fr\/wp-content\/uploads\/2021\/08\/contacts-705x207.jpg 705w\" sizes=\"(max-width: 1920px) 100vw, 1920px\" \/><\/div><\/li><\/ul><\/div><\/div>\n<div id='av_section_1'  class='avia-section main_color avia-section-default avia-no-border-styling  avia-bg-style-scroll  avia-builder-el-1  el_after_av_slideshow_full  el_before_av_section   container_wrap fullsize' style=' '  ><div class='container' ><div class='template-page content  av-content-full alpha units'><div class='post-entry post-entry-type-page post-entry-7273'><div class='entry-content-wrapper clearfix'>\n<div  style='padding-bottom:10px; ' class='av-special-heading av-special-heading-h1  blockquote modern-quote modern-centered  avia-builder-el-2  el_before_av_one_fifth  avia-builder-el-first  '><h1 class='av-special-heading-tag '  itemprop=\"headline\"  >Kontakt<\/h1><div class='special-heading-border'><div class='special-heading-inner-border' ><\/div><\/div><\/div>\n<div class=\"flex_column av_one_fifth  flex_column_div av-zero-column-padding first  avia-builder-el-3  el_after_av_heading  el_before_av_three_fifth  \" style='border-radius:0px; '><\/div><div class=\"flex_column av_three_fifth  flex_column_div av-zero-column-padding   avia-builder-el-4  el_after_av_one_fifth  el_before_av_image  \" style='border-radius:0px; '><section class=\"av_textblock_section \"  itemscope=\"itemscope\" itemtype=\"https:\/\/schema.org\/CreativeWork\" ><div class='avia_textblock  '  style='font-size:18px; '  itemprop=\"text\" ><p style=\"text-align: center;\">LA CLE DES CHAMPS<br \/>\nClaude und Olivier MONHAROUL<br \/>\nLa Bouli\u00e8re<br \/>\n35640 MARTIGNE-FERCHAUD<\/p>\n<p style=\"text-align: center;\">lacledeschamps35claude@gmail.com<\/p>\n<p style=\"text-align: center;\">06 86 95 68 34<\/p>\n<\/div><\/section><\/div><div  class='avia-image-container  av-styling-    avia-builder-el-6  el_after_av_three_fifth  avia-builder-el-last  avia-align-center '  itemprop=\"image\" itemscope=\"itemscope\" itemtype=\"https:\/\/schema.org\/ImageObject\"  ><div class='avia-image-container-inner'><div class='avia-image-overlay-wrap'><a href='https:\/\/www.gites-lacledeschamps.fr\/wp-content\/uploads\/2025\/06\/plan-3-gites-de-1030x697.jpg' class='avia_image'  ><img decoding=\"async\" width=\"1135\" height=\"768\" class='wp-image-7581 avia-img-lazy-loading-not-7581 avia_image' src=\"https:\/\/www.gites-lacledeschamps.fr\/wp-content\/uploads\/2025\/06\/plan-3-gites-de.jpg\" alt='' title='plan-3-gites-de'  itemprop=\"thumbnailUrl\" srcset=\"https:\/\/www.gites-lacledeschamps.fr\/wp-content\/uploads\/2025\/06\/plan-3-gites-de.jpg 1135w, https:\/\/www.gites-lacledeschamps.fr\/wp-content\/uploads\/2025\/06\/plan-3-gites-de-300x203.jpg 300w, https:\/\/www.gites-lacledeschamps.fr\/wp-content\/uploads\/2025\/06\/plan-3-gites-de-1030x697.jpg 1030w, https:\/\/www.gites-lacledeschamps.fr\/wp-content\/uploads\/2025\/06\/plan-3-gites-de-768x520.jpg 768w, https:\/\/www.gites-lacledeschamps.fr\/wp-content\/uploads\/2025\/06\/plan-3-gites-de-705x477.jpg 705w\" sizes=\"(max-width: 1135px) 100vw, 1135px\" \/><\/a><\/div><\/div><\/div>\n<\/div><\/div><\/div><!-- close content main div --><\/div><\/div><div id='av_section_2'  class='avia-section main_color avia-section-default avia-no-border-styling  avia-full-stretch avia-bg-style-scroll  avia-builder-el-7  el_after_av_section  el_before_av_google_map   container_wrap fullsize' style='background-repeat: no-repeat; background-image: url(https:\/\/www.gites-lacledeschamps.fr\/wp-content\/uploads\/2021\/08\/fond-degrade.jpg);background-attachment: scroll; background-position: top left;  '  data-section-bg-repeat='stretch'><div class='container' ><div class='template-page content  av-content-full alpha units'><div class='post-entry post-entry-type-page post-entry-7273'><div class='entry-content-wrapper clearfix'>\n<div class=\"flex_column av_one_fifth  flex_column_div av-zero-column-padding first  avia-builder-el-8  el_before_av_three_fifth  avia-builder-el-first  \" style='border-radius:0px; '><\/div><div class=\"flex_column av_three_fifth  flex_column_div av-zero-column-padding   avia-builder-el-9  el_after_av_one_fifth  el_before_av_one_fifth  \" style='border-radius:0px; '><section class=\"av_textblock_section \"  itemscope=\"itemscope\" itemtype=\"https:\/\/schema.org\/CreativeWork\" ><div class='avia_textblock  '  style='font-size:20px; '  itemprop=\"text\" ><p style=\"text-align: center;\">Wenn Sie Fragen haben, f\u00fcllen Sie bitte dieses kurze Formular aus. Wir werden Ihnen umgehend antworten.<\/p>\n<p style=\"text-align: center;\">Sie k\u00f6nnen uns auch telefonisch unter 06 86 95 68 34 erreichen.<\/p>\n<p style=\"text-align: center;\">oder per E-Mail an lacledeschamps35claude@gmail.com<\/p>\n<\/div><\/section><\/div><div class=\"flex_column av_one_fifth  flex_column_div av-zero-column-padding   avia-builder-el-11  el_after_av_three_fifth  el_before_av_one_fourth  \" style='border-radius:0px; '><\/div><div class=\"flex_column av_one_fourth  flex_column_div av-zero-column-padding first  avia-builder-el-12  el_after_av_one_fifth  el_before_av_one_half  column-top-margin\" style='border-radius:0px; '><\/div><div class=\"flex_column av_one_half  flex_column_div av-zero-column-padding   avia-builder-el-13  el_after_av_one_fourth  avia-builder-el-last  column-top-margin\" style='border-radius:0px; '><section class=\"av_textblock_section \"  itemscope=\"itemscope\" itemtype=\"https:\/\/schema.org\/CreativeWork\" ><div class='avia_textblock  '   itemprop=\"text\" >\n<div class=\"wpcf7 no-js\" id=\"wpcf7-f7386-o1\" lang=\"de-DE\" dir=\"ltr\" data-wpcf7-id=\"7386\">\n<div class=\"screen-reader-response\"><p role=\"status\" aria-live=\"polite\" aria-atomic=\"true\"><\/p> <ul><\/ul><\/div>\n<form action=\"\/de\/wp-json\/wp\/v2\/pages\/7273#wpcf7-f7386-o1\" method=\"post\" class=\"wpcf7-form init\" aria-label=\"Kontaktformular\" novalidate=\"novalidate\" data-status=\"init\">\n<fieldset class=\"hidden-fields-container\"><input type=\"hidden\" name=\"_wpcf7\" value=\"7386\" \/><input type=\"hidden\" name=\"_wpcf7_version\" value=\"6.1.5\" \/><input type=\"hidden\" name=\"_wpcf7_locale\" value=\"de_DE\" \/><input type=\"hidden\" name=\"_wpcf7_unit_tag\" value=\"wpcf7-f7386-o1\" \/><input type=\"hidden\" name=\"_wpcf7_container_post\" value=\"0\" \/><input type=\"hidden\" name=\"_wpcf7_posted_data_hash\" value=\"\" \/><input type=\"hidden\" name=\"_wpcf7_recaptcha_response\" value=\"\" \/>\n<\/fieldset>\n<p>Ihr Name \/ Vorname (erforderlich)<br \/>\n<span class=\"wpcf7-form-control-wrap\" data-name=\"your-name\"><input size=\"40\" maxlength=\"400\" class=\"wpcf7-form-control wpcf7-text wpcf7-validates-as-required\" aria-required=\"true\" aria-invalid=\"false\" value=\"\" type=\"text\" name=\"your-name\" \/><\/span>\n<\/p>\n<p>Ihre E-Mail-Adresse (erforderlich)<br \/>\n<span class=\"wpcf7-form-control-wrap\" data-name=\"your-email\"><input size=\"40\" maxlength=\"400\" class=\"wpcf7-form-control wpcf7-email wpcf7-validates-as-required wpcf7-text wpcf7-validates-as-email\" aria-required=\"true\" aria-invalid=\"false\" value=\"\" type=\"email\" name=\"your-email\" \/><\/span>\n<\/p>\n<p>Ihre Telefonnummer (erforderlich)<br \/>\n<span class=\"wpcf7-form-control-wrap\" data-name=\"your-phone\"><input size=\"40\" maxlength=\"400\" class=\"wpcf7-form-control wpcf7-tel wpcf7-validates-as-required wpcf7-text wpcf7-validates-as-tel\" aria-required=\"true\" aria-invalid=\"false\" value=\"\" type=\"tel\" name=\"your-phone\" \/><\/span>\n<\/p>\n<p>Ihre Anfrage betrifft<br \/>\n<span class=\"wpcf7-form-control-wrap\" data-name=\"demande\"><select class=\"wpcf7-form-control wpcf7-select wpcf7-validates-as-required\" aria-required=\"true\" aria-invalid=\"false\" multiple=\"multiple\" name=\"demande[]\"><option value=\"\">&#8211; Bitte ausw\u00e4hlen &#8211;<\/option><option value=\"GITE CHEZ LUCIEN\">GITE CHEZ LUCIEN<\/option><option value=\"GITE CHEZ LEON\">GITE CHEZ LEON<\/option><option value=\"GITE CHEZ SUZANNE\">GITE CHEZ SUZANNE<\/option><option value=\"ANDERES\">ANDERES<\/option><\/select><\/span>\n<\/p>\n<p>DATUM DES AUFENTHALTSBEGINNS<br \/>\n<span class=\"wpcf7-form-control-wrap\" data-name=\"date-debut\"><input class=\"wpcf7-form-control wpcf7-date wpcf7-validates-as-date\" aria-invalid=\"false\" value=\"\" type=\"date\" name=\"date-debut\" \/><\/span>\n<\/p>\n<p>ENDDATUM DES AUFENTHALTS<br \/>\n<span class=\"wpcf7-form-control-wrap\" data-name=\"date-fin\"><input class=\"wpcf7-form-control wpcf7-date wpcf7-validates-as-date\" aria-invalid=\"false\" value=\"\" type=\"date\" name=\"date-fin\" \/><\/span>\n<\/p>\n<p>ANZAHL DER PERSONEN<br \/>\nERWACHSENE: <span class=\"wpcf7-form-control-wrap\" data-name=\"adultes\"><input class=\"wpcf7-form-control wpcf7-number wpcf7-validates-as-number\" aria-invalid=\"false\" value=\"\" type=\"number\" name=\"adultes\" \/><\/span><br \/>\nKINDER: <span class=\"wpcf7-form-control-wrap\" data-name=\"enfants\"><input class=\"wpcf7-form-control wpcf7-number wpcf7-validates-as-number\" aria-invalid=\"false\" value=\"\" type=\"number\" name=\"enfants\" \/><\/span>\n<\/p>\n<p>HAUSTIER<br \/>\n<span class=\"wpcf7-form-control-wrap\" data-name=\"animal\"><select class=\"wpcf7-form-control wpcf7-select\" aria-invalid=\"false\" name=\"animal\"><option value=\"\">&#8211; Bitte ausw\u00e4hlen &#8211;<\/option><option value=\"ja\">ja<\/option><option value=\"nein\">nein<\/option><\/select><\/span>\n<\/p>\n<p>Ihre Nachricht<br \/>\n<span class=\"wpcf7-form-control-wrap\" data-name=\"your-message\"><textarea cols=\"40\" rows=\"10\" maxlength=\"2000\" class=\"wpcf7-form-control wpcf7-textarea\" aria-invalid=\"false\" name=\"your-message\"><\/textarea><\/span>\n<\/p>\n<p><span class=\"wpcf7-form-control-wrap\" data-name=\"Privacy\"><span class=\"wpcf7-form-control wpcf7-checkbox wpcf7-validates-as-required\"><span class=\"wpcf7-list-item first last\"><input type=\"checkbox\" name=\"Privacy[]\" value=\"Mit dem Absenden dieses Formulars stimme ich zu, dass die in diesem Formular erfassten Informationen verarbeitet werden, um mir eine Antwort gem\u00e4\u00df unserer Datenschutzrichtlinie zu erm\u00f6glichen.\" \/><span class=\"wpcf7-list-item-label\">Mit dem Absenden dieses Formulars stimme ich zu, dass die in diesem Formular erfassten Informationen verarbeitet werden, um mir eine Antwort gem\u00e4\u00df unserer Datenschutzrichtlinie zu erm\u00f6glichen.<\/span><\/span><\/span><\/span>\n<\/p>\n<p><input class=\"wpcf7-form-control wpcf7-submit has-spinner\" type=\"submit\" value=\"Senden Sie\" \/>\n<\/p><p style=\"display: none !important;\" class=\"akismet-fields-container\" data-prefix=\"_wpcf7_ak_\"><label>&#916;<textarea name=\"_wpcf7_ak_hp_textarea\" cols=\"45\" rows=\"8\" maxlength=\"100\"><\/textarea><\/label><input type=\"hidden\" id=\"ak_js_1\" name=\"_wpcf7_ak_js\" value=\"107\"\/><script>document.getElementById( \"ak_js_1\" ).setAttribute( \"value\", ( new Date() ).getTime() );<\/script><\/p><div class=\"wpcf7-response-output\" aria-hidden=\"true\"><\/div>\n<\/form>\n<\/div>\n\n<\/div><\/section><\/div>\n<\/p>\n<div  class='av_gmaps_sc_main_wrap av_gmaps_main_wrap '><div id='av_gmap_0' class='avia-google-map-container avia-google-map-sc av_gmaps_show_unconditionally av-no-fallback-img ' data-mapid='av_gmap_0'  style='height: 400px;'><a class=\"av_gmaps_browser_disabled av_text_confirm_link av_text_confirm_link_visible\" href=\"https:\/\/www.google.com\/maps\/search\/?api=1&#038;query=La%20Bouli\u00e8re%20%2035640%20%20MARTIGNE-FERCHAUD\" target=\"_blank\" rel=\"noopener\">Aufgrund deiner Datenschutz-Einstellungen k\u00f6nnen wir Ihnen die Karte nicht anzeigen. Klicken Sie hier, um die Karte in einem neuen Fenster zu \u00f6ffnen.<\/a><\/div><\/div>\n<div id='av_section_3'  class='avia-section main_color avia-section-default avia-no-border-styling  avia-bg-style-scroll  avia-builder-el-16  el_after_av_google_map  avia-builder-el-last   container_wrap fullsize' style='background-repeat: repeat-x; background-image: url(https:\/\/www.gites-lacledeschamps.fr\/wp-content\/uploads\/2021\/07\/fond-insta.jpg);background-attachment: scroll; background-position: bottom right;  '  data-section-bg-repeat='repeat-x'><div class='container' ><div class='template-page content  av-content-full alpha units'><div class='post-entry post-entry-type-page post-entry-7273'><div class='entry-content-wrapper clearfix'>\n<div  style='padding-bottom:10px; color:#6d876b;' class='av-special-heading av-special-heading-h2 custom-color-heading blockquote modern-quote modern-centered  avia-builder-el-17  el_before_av_codeblock  avia-builder-el-first  '><h2 class='av-special-heading-tag '  itemprop=\"headline\"  >FOLGEN SIE UNS AUF INSTAGRAM @LACLEDESCHAMPS_BZH<\/h2><div class='special-heading-border'><div class='special-heading-inner-border' style='border-color:#6d876b'><\/div><\/div><\/div>\n\n\n","protected":false},"excerpt":{"rendered":"","protected":false},"author":1,"featured_media":0,"parent":0,"menu_order":0,"comment_status":"closed","ping_status":"closed","template":"","meta":{"footnotes":""},"class_list":["post-7273","page","type-page","status-publish","hentry"],"aioseo_notices":[],"_links":{"self":[{"href":"https:\/\/www.gites-lacledeschamps.fr\/de\/wp-json\/wp\/v2\/pages\/7273","targetHints":{"allow":["GET"]}}],"collection":[{"href":"https:\/\/www.gites-lacledeschamps.fr\/de\/wp-json\/wp\/v2\/pages"}],"about":[{"href":"https:\/\/www.gites-lacledeschamps.fr\/de\/wp-json\/wp\/v2\/types\/page"}],"author":[{"embeddable":true,"href":"https:\/\/www.gites-lacledeschamps.fr\/de\/wp-json\/wp\/v2\/users\/1"}],"replies":[{"embeddable":true,"href":"https:\/\/www.gites-lacledeschamps.fr\/de\/wp-json\/wp\/v2\/comments?post=7273"}],"version-history":[{"count":10,"href":"https:\/\/www.gites-lacledeschamps.fr\/de\/wp-json\/wp\/v2\/pages\/7273\/revisions"}],"predecessor-version":[{"id":7610,"href":"https:\/\/www.gites-lacledeschamps.fr\/de\/wp-json\/wp\/v2\/pages\/7273\/revisions\/7610"}],"wp:attachment":[{"href":"https:\/\/www.gites-lacledeschamps.fr\/de\/wp-json\/wp\/v2\/media?parent=7273"}],"curies":[{"name":"wp","href":"https:\/\/api.w.org\/{rel}","templated":true}]}}